{"id":1132,"date":"2024-03-31T18:26:38","date_gmt":"2024-03-31T18:26:38","guid":{"rendered":"https:\/\/amandasdrivingacademy.com\/?page_id=1132"},"modified":"2024-04-07T19:03:53","modified_gmt":"2024-04-07T19:03:53","slug":"politica-de-cookies","status":"publish","type":"page","link":"https:\/\/amandasdrivingacademy.com\/en\/politica-de-cookies\/","title":{"rendered":"Politica de Cookies"},"content":{"rendered":"<div data-elementor-type=\"wp-page\" data-elementor-id=\"1132\" class=\"elementor elementor-1132\" data-elementor-post-type=\"page\">\n\t\t\t\t\t\t<section class=\"elementor-section elementor-top-section elementor-element elementor-element-47eeaf53 elementor-section-boxed elementor-section-height-default elementor-section-height-default\" data-id=\"47eeaf53\" data-element_type=\"section\" data-e-type=\"section\" data-settings=\"{&quot;background_background&quot;:&quot;classic&quot;}\">\n\t\t\t\t\t\t\t<div class=\"elementor-background-overlay\"><\/div>\n\t\t\t\t\t\t\t<div class=\"elementor-container elementor-column-gap-default\">\n\t\t\t\t\t<div class=\"elementor-column elementor-col-100 elementor-top-column elementor-element elementor-element-40f83a4c\" data-id=\"40f83a4c\" data-element_type=\"column\" data-e-type=\"column\">\n\t\t\t<div class=\"elementor-widget-wrap elementor-element-populated\">\n\t\t\t\t\t\t<div class=\"elementor-element elementor-element-f1c6aa2 elementor-widget elementor-widget-heading\" data-id=\"f1c6aa2\" data-element_type=\"widget\" data-e-type=\"widget\" data-widget_type=\"heading.default\">\n\t\t\t\t<div class=\"elementor-widget-container\">\n\t\t\t\t\t<h2 class=\"elementor-heading-title elementor-size-default\">Cookie Policy<\/h2>\t\t\t\t<\/div>\n\t\t\t\t<\/div>\n\t\t\t\t<div class=\"elementor-element elementor-element-784e8f85 elementor-widget elementor-widget-heading\" data-id=\"784e8f85\" data-element_type=\"widget\" data-e-type=\"widget\" data-widget_type=\"heading.default\">\n\t\t\t\t<div class=\"elementor-widget-container\">\n\t\t\t\t\t<h2 class=\"elementor-heading-title elementor-size-default\">Effective Date: 31-Mar-2024\nLast Updated: 31-Mar-2024<\/h2>\t\t\t\t<\/div>\n\t\t\t\t<\/div>\n\t\t\t\t<div class=\"elementor-element elementor-element-6c07098b elementor-icon-list--layout-inline elementor-align-center elementor-list-item-link-full_width elementor-widget elementor-widget-icon-list\" data-id=\"6c07098b\" data-element_type=\"widget\" data-e-type=\"widget\" data-widget_type=\"icon-list.default\">\n\t\t\t\t<div class=\"elementor-widget-container\">\n\t\t\t\t\t\t\t<ul class=\"elementor-icon-list-items elementor-inline-items\">\n\t\t\t\t\t\t\t<li class=\"elementor-icon-list-item elementor-inline-item\">\n\t\t\t\t\t\t\t\t\t\t<span class=\"elementor-icon-list-text\">Home<\/span>\n\t\t\t\t\t\t\t\t\t<\/li>\n\t\t\t\t\t\t\t\t<li class=\"elementor-icon-list-item elementor-inline-item\">\n\t\t\t\t\t\t\t\t\t\t\t<span class=\"elementor-icon-list-icon\">\n\t\t\t\t\t\t\t<svg aria-hidden=\"true\" class=\"e-font-icon-svg e-fas-chevron-right\" viewbox=\"0 0 320 512\" xmlns=\"http:\/\/www.w3.org\/2000\/svg\"><path d=\"M285.476 272.971L91.132 467.314c-9.373 9.373-24.569 9.373-33.941 0l-22.667-22.667c-9.357-9.357-9.375-24.522-.04-33.901L188.505 256 34.484 101.255c-9.335-9.379-9.317-24.544.04-33.901l22.667-22.667c9.373-9.373 24.569-9.373 33.941 0L285.475 239.03c9.373 9.372 9.373 24.568.001 33.941z\"><\/path><\/svg>\t\t\t\t\t\t<\/span>\n\t\t\t\t\t\t\t\t\t\t<span class=\"elementor-icon-list-text\">Contact<\/span>\n\t\t\t\t\t\t\t\t\t<\/li>\n\t\t\t\t\t\t<\/ul>\n\t\t\t\t\t\t<\/div>\n\t\t\t\t<\/div>\n\t\t\t\t\t<\/div>\n\t\t<\/div>\n\t\t\t\t\t<\/div>\n\t\t<\/section>\n\t\t\t\t<section class=\"elementor-section elementor-top-section elementor-element elementor-element-137965e elementor-section-full_width elementor-section-height-default elementor-section-height-default\" data-id=\"137965e\" data-element_type=\"section\" data-e-type=\"section\">\n\t\t\t\t\t\t<div class=\"elementor-container elementor-column-gap-default\">\n\t\t\t\t\t<div class=\"elementor-column elementor-col-100 elementor-top-column elementor-element elementor-element-93e8c0c\" data-id=\"93e8c0c\" data-element_type=\"column\" data-e-type=\"column\">\n\t\t\t<div class=\"elementor-widget-wrap elementor-element-populated\">\n\t\t\t\t\t\t<div class=\"elementor-element elementor-element-2cf4e9d elementor-widget elementor-widget-html\" data-id=\"2cf4e9d\" data-element_type=\"widget\" data-e-type=\"widget\" data-widget_type=\"html.default\">\n\t\t\t\t<div class=\"elementor-widget-container\">\n\t\t\t\t\t<style>\r\n    a.cky-banner-element {\r\n        padding: 8px 30px;\r\n        background: #F8F9FA;\r\n        color: #858A8F;\r\n        border: 1px solid #DEE2E6;\r\n        box-sizing: border-box;\r\n        border-radius: 2px;\r\n        cursor: pointer;\r\n}\r\n<\/style>\r\n&nbsp;\r\n<h5>What are cookies?<\/h5>\r\n<div class=\"cookie-policy-p\"><p>This Cookie Policy explains what cookies are and how we use them, the types of cookies we use i.e., the information we collect through the use of cookies and how that information is used, and how to manage your cookie settings.<\/p> <p>Cookies are small text files used to store small pieces of information. They are stored on your device when the website is loaded in your browser. These cookies help us make the website function properly, make it more secure, provide a better user experience, and understand how the website performs and to analyze what works and where it needs improvement.<\/p><\/div>\r\n\r\n&nbsp;\r\n<h5>How do we use cookies?<\/h5>\r\n<div class=\"cookie-policy-p\"><p>Like most online services, our website uses first-party and third-party cookies for various purposes. First-party cookies are primarily necessary for the website to function properly and do not collect any of your personally identifiable information.<\/p> <p>The third-party cookies used on our website are mainly for understanding how the website performs, how you interact with our website, keeping our services secure, providing advertisements that are relevant to you, and all in all giving you a better and improved user experience and help speed up your future interactions with our website.<\/p><\/div>\r\n\r\n&nbsp;\r\n    <h5>Types of Cookies we use<\/h5>\r\n\r\n    <div class=\"cky-audit-table-element\"><\/div>\r\n\r\n&nbsp;\r\n    <h5 style=\"margin-bottom:20px;\">Manage cookie preferences<\/h5>\r\n\r\n    <a class=\"cky-banner-element\">Cookie settings<\/a> <br\/>\r\n<br>\r\n\r\n    <div><p>You can change your cookie preferences at any time by clicking the button above. This will allow you to revisit the cookie consent banner and change your preferences or withdraw your consent immediately. <\/p> <p>In addition, different browsers provide different methods for blocking and deleting cookies used by websites. You can change your browser settings to block\/delete cookies. Listed below are links to support documents on how to manage and delete cookies for major web browsers.<\/p> <p>Chrome: <a href=\"https:\/\/support.google.com\/accounts\/answer\/32050\" target=\"_blank\">https:\/\/support.google.com\/accounts\/answer\/32050<\/a><\/p><p>Safari: <a href=\"https:\/\/support.apple.com\/en-in\/guide\/safari\/sfri11471\/mac\" target=\"_blank\">https:\/\/support.apple.com\/en-in\/guide\/safari\/sfri11471\/mac<\/a><\/p><p>Firefox: <a href=\"https:\/\/support.mozilla.org\/en-US\/kb\/clear-cookies-and-site-data-firefox?redirectslug=delete-cookies-remove-info-websites-stored&redirectlocale=en-US\" target=\"_blank\">https:\/\/support.mozilla.org\/en-US\/kb\/clear-cookies-and-site-data-firefox?redirectslug=delete-cookies-remove-info-websites-stored&redirectlocale=en-US<\/a><\/p><p>Internet Explorer: <a href=\"https:\/\/support.microsoft.com\/en-us\/topic\/how-to-delete-cookie-files-in-internet-explorer-bca9446f-d873-78de-77ba-d42645fa52fc\" target=\"_blank\">https:\/\/support.microsoft.com\/en-us\/topic\/how-to-delete-cookie-files-in-internet-explorer-bca9446f-d873-78de-77ba-d42645fa52fc<\/a><\/p><p>If you're using any other web browser, please visit your browser's official support documents.<\/p><\/div>\r\n\r\n\r\n&nbsp;\r\n<p class=\"cookie-policy-p\">\r\n    Cookie policy generated by  <a target=\"_blank\" href=\"https:\/\/www.cookieyes.com\/?utm_source=CP&utm_medium=footer&utm_campaign=UW\">CookieYes - Cookie Policy Generator<\/a>.\r\n<\/p>\t\t\t\t<\/div>\n\t\t\t\t<\/div>\n\t\t\t\t\t<\/div>\n\t\t<\/div>\n\t\t\t\t\t<\/div>\n\t\t<\/section>\n\t\t\t\t<\/div>","protected":false},"excerpt":{"rendered":"<p>Amanda&#8217;s Driving Academy se compromete a proteger tu privacidad. Esta Pol\u00edtica de cookies explica qu\u00e9 son las cookies, c\u00f3mo las utilizamos en nuestro sitio web y c\u00f3mo puedes controlarlas. Al utilizar nuestro sitio web, aceptas el uso de cookies de acuerdo con esta pol\u00edtica.<\/p>","protected":false},"author":2,"featured_media":1390,"parent":0,"menu_order":0,"comment_status":"closed","ping_status":"closed","template":"elementor_header_footer","meta":{"_joinchat":[],"footnotes":""},"class_list":["post-1132","page","type-page","status-publish","has-post-thumbnail","hentry"],"yoast_head":"<!-- This site is optimized with the Yoast SEO plugin v27.5 - https:\/\/yoast.com\/product\/yoast-seo-wordpress\/ -->\n<title>Politica de Cookies - Amanda&acute;s Driving Academy<\/title>\n<meta name=\"description\" content=\"Descubre c\u00f3mo Amanda&#039;s Driving Academy utiliza cookies para mejorar tu experiencia de usuario. Consulta qu\u00e9 informaci\u00f3n recopilamos y c\u00f3mo la utilizamos, y c\u00f3mo puedes controlar tus preferencias de cookies.\" \/>\n<meta name=\"robots\" content=\"index, follow, max-snippet:-1, max-image-preview:large, max-video-preview:-1\" \/>\n<link rel=\"canonical\" href=\"https:\/\/amandasdrivingacademy.com\/en\/politica-de-cookies\/\" \/>\n<meta property=\"og:locale\" content=\"en_US\" \/>\n<meta property=\"og:type\" content=\"article\" \/>\n<meta property=\"og:title\" content=\"Politica de Cookies - Amanda&acute;s Driving Academy\" \/>\n<meta property=\"og:description\" content=\"Descubre c\u00f3mo Amanda&#039;s Driving Academy utiliza cookies para mejorar tu experiencia de usuario. Consulta qu\u00e9 informaci\u00f3n recopilamos y c\u00f3mo la utilizamos, y c\u00f3mo puedes controlar tus preferencias de cookies.\" \/>\n<meta property=\"og:url\" content=\"https:\/\/amandasdrivingacademy.com\/en\/politica-de-cookies\/\" \/>\n<meta property=\"og:site_name\" content=\"Amanda&acute;s Driving Academy\" \/>\n<meta property=\"article:publisher\" content=\"https:\/\/www.facebook.com\/profile.php?id=100051895602787\" \/>\n<meta property=\"article:modified_time\" content=\"2024-04-07T19:03:53+00:00\" \/>\n<meta property=\"og:image\" content=\"https:\/\/amandasdrivingacademy.com\/wp-content\/uploads\/2024\/04\/Amandas-Gold-Favicon-text-B_00244.png\" \/>\n\t<meta property=\"og:image:width\" content=\"1080\" \/>\n\t<meta property=\"og:image:height\" content=\"1080\" \/>\n\t<meta property=\"og:image:type\" content=\"image\/png\" \/>\n<meta name=\"twitter:card\" content=\"summary_large_image\" \/>\n<meta name=\"twitter:label1\" content=\"Est. reading time\" \/>\n\t<meta name=\"twitter:data1\" content=\"2 minutes\" \/>\n<script type=\"application\/ld+json\" class=\"yoast-schema-graph\">{\"@context\":\"https:\\\/\\\/schema.org\",\"@graph\":[{\"@type\":\"WebPage\",\"@id\":\"https:\\\/\\\/amandasdrivingacademy.com\\\/politica-de-cookies\\\/\",\"url\":\"https:\\\/\\\/amandasdrivingacademy.com\\\/politica-de-cookies\\\/\",\"name\":\"Politica de Cookies - Amanda&acute;s Driving Academy\",\"isPartOf\":{\"@id\":\"https:\\\/\\\/amandasdrivingacademy.com\\\/#website\"},\"primaryImageOfPage\":{\"@id\":\"https:\\\/\\\/amandasdrivingacademy.com\\\/politica-de-cookies\\\/#primaryimage\"},\"image\":{\"@id\":\"https:\\\/\\\/amandasdrivingacademy.com\\\/politica-de-cookies\\\/#primaryimage\"},\"thumbnailUrl\":\"https:\\\/\\\/amandasdrivingacademy.com\\\/wp-content\\\/uploads\\\/2024\\\/04\\\/Amandas-Gold-Favicon-text-B_00244.png\",\"datePublished\":\"2024-03-31T18:26:38+00:00\",\"dateModified\":\"2024-04-07T19:03:53+00:00\",\"description\":\"Descubre c\u00f3mo Amanda's Driving Academy utiliza cookies para mejorar tu experiencia de usuario. Consulta qu\u00e9 informaci\u00f3n recopilamos y c\u00f3mo la utilizamos, y c\u00f3mo puedes controlar tus preferencias de cookies.\",\"breadcrumb\":{\"@id\":\"https:\\\/\\\/amandasdrivingacademy.com\\\/politica-de-cookies\\\/#breadcrumb\"},\"inLanguage\":\"en-US\",\"potentialAction\":[{\"@type\":\"ReadAction\",\"target\":[\"https:\\\/\\\/amandasdrivingacademy.com\\\/politica-de-cookies\\\/\"]}]},{\"@type\":\"ImageObject\",\"inLanguage\":\"en-US\",\"@id\":\"https:\\\/\\\/amandasdrivingacademy.com\\\/politica-de-cookies\\\/#primaryimage\",\"url\":\"https:\\\/\\\/amandasdrivingacademy.com\\\/wp-content\\\/uploads\\\/2024\\\/04\\\/Amandas-Gold-Favicon-text-B_00244.png\",\"contentUrl\":\"https:\\\/\\\/amandasdrivingacademy.com\\\/wp-content\\\/uploads\\\/2024\\\/04\\\/Amandas-Gold-Favicon-text-B_00244.png\",\"width\":1080,\"height\":1080,\"caption\":\"Amandas Gold Favicon text\"},{\"@type\":\"BreadcrumbList\",\"@id\":\"https:\\\/\\\/amandasdrivingacademy.com\\\/politica-de-cookies\\\/#breadcrumb\",\"itemListElement\":[{\"@type\":\"ListItem\",\"position\":1,\"name\":\"Home\",\"item\":\"https:\\\/\\\/amandasdrivingacademy.com\\\/\"},{\"@type\":\"ListItem\",\"position\":2,\"name\":\"Politica de Cookies\"}]},{\"@type\":\"WebSite\",\"@id\":\"https:\\\/\\\/amandasdrivingacademy.com\\\/#website\",\"url\":\"https:\\\/\\\/amandasdrivingacademy.com\\\/\",\"name\":\"Amanda\u00b4s Driving Academy\",\"description\":\"Driving Academy\",\"publisher\":{\"@id\":\"https:\\\/\\\/amandasdrivingacademy.com\\\/#organization\"},\"potentialAction\":[{\"@type\":\"SearchAction\",\"target\":{\"@type\":\"EntryPoint\",\"urlTemplate\":\"https:\\\/\\\/amandasdrivingacademy.com\\\/?s={search_term_string}\"},\"query-input\":{\"@type\":\"PropertyValueSpecification\",\"valueRequired\":true,\"valueName\":\"search_term_string\"}}],\"inLanguage\":\"en-US\"},{\"@type\":\"Organization\",\"@id\":\"https:\\\/\\\/amandasdrivingacademy.com\\\/#organization\",\"name\":\"Amanda\u00b4s Driving Academy\",\"url\":\"https:\\\/\\\/amandasdrivingacademy.com\\\/\",\"logo\":{\"@type\":\"ImageObject\",\"inLanguage\":\"en-US\",\"@id\":\"https:\\\/\\\/amandasdrivingacademy.com\\\/#\\\/schema\\\/logo\\\/image\\\/\",\"url\":\"https:\\\/\\\/amandasdrivingacademy.com\\\/wp-content\\\/uploads\\\/2024\\\/02\\\/Gold-Logo-FX-01_00352.webp\",\"contentUrl\":\"https:\\\/\\\/amandasdrivingacademy.com\\\/wp-content\\\/uploads\\\/2024\\\/02\\\/Gold-Logo-FX-01_00352.webp\",\"width\":1400,\"height\":300,\"caption\":\"Amanda\u00b4s Driving Academy\"},\"image\":{\"@id\":\"https:\\\/\\\/amandasdrivingacademy.com\\\/#\\\/schema\\\/logo\\\/image\\\/\"},\"sameAs\":[\"https:\\\/\\\/www.facebook.com\\\/profile.php?id=100051895602787\",\"https:\\\/\\\/www.instagram.com\\\/amandat.4451\\\/\"]}]}<\/script>\n<!-- \/ Yoast SEO plugin. -->","yoast_head_json":{"title":"Politica de Cookies - Amanda&acute;s Driving Academy","description":"Descubre c\u00f3mo Amanda's Driving Academy utiliza cookies para mejorar tu experiencia de usuario. Consulta qu\u00e9 informaci\u00f3n recopilamos y c\u00f3mo la utilizamos, y c\u00f3mo puedes controlar tus preferencias de cookies.","robots":{"index":"index","follow":"follow","max-snippet":"max-snippet:-1","max-image-preview":"max-image-preview:large","max-video-preview":"max-video-preview:-1"},"canonical":"https:\/\/amandasdrivingacademy.com\/en\/politica-de-cookies\/","og_locale":"en_US","og_type":"article","og_title":"Politica de Cookies - Amanda&acute;s Driving Academy","og_description":"Descubre c\u00f3mo Amanda's Driving Academy utiliza cookies para mejorar tu experiencia de usuario. Consulta qu\u00e9 informaci\u00f3n recopilamos y c\u00f3mo la utilizamos, y c\u00f3mo puedes controlar tus preferencias de cookies.","og_url":"https:\/\/amandasdrivingacademy.com\/en\/politica-de-cookies\/","og_site_name":"Amanda&acute;s Driving Academy","article_publisher":"https:\/\/www.facebook.com\/profile.php?id=100051895602787","article_modified_time":"2024-04-07T19:03:53+00:00","og_image":[{"width":1080,"height":1080,"url":"https:\/\/amandasdrivingacademy.com\/wp-content\/uploads\/2024\/04\/Amandas-Gold-Favicon-text-B_00244.png","type":"image\/png"}],"twitter_card":"summary_large_image","twitter_misc":{"Est. reading time":"2 minutes"},"schema":{"@context":"https:\/\/schema.org","@graph":[{"@type":"WebPage","@id":"https:\/\/amandasdrivingacademy.com\/politica-de-cookies\/","url":"https:\/\/amandasdrivingacademy.com\/politica-de-cookies\/","name":"Politica de Cookies - Amanda&acute;s Driving Academy","isPartOf":{"@id":"https:\/\/amandasdrivingacademy.com\/#website"},"primaryImageOfPage":{"@id":"https:\/\/amandasdrivingacademy.com\/politica-de-cookies\/#primaryimage"},"image":{"@id":"https:\/\/amandasdrivingacademy.com\/politica-de-cookies\/#primaryimage"},"thumbnailUrl":"https:\/\/amandasdrivingacademy.com\/wp-content\/uploads\/2024\/04\/Amandas-Gold-Favicon-text-B_00244.png","datePublished":"2024-03-31T18:26:38+00:00","dateModified":"2024-04-07T19:03:53+00:00","description":"Descubre c\u00f3mo Amanda's Driving Academy utiliza cookies para mejorar tu experiencia de usuario. Consulta qu\u00e9 informaci\u00f3n recopilamos y c\u00f3mo la utilizamos, y c\u00f3mo puedes controlar tus preferencias de cookies.","breadcrumb":{"@id":"https:\/\/amandasdrivingacademy.com\/politica-de-cookies\/#breadcrumb"},"inLanguage":"en-US","potentialAction":[{"@type":"ReadAction","target":["https:\/\/amandasdrivingacademy.com\/politica-de-cookies\/"]}]},{"@type":"ImageObject","inLanguage":"en-US","@id":"https:\/\/amandasdrivingacademy.com\/politica-de-cookies\/#primaryimage","url":"https:\/\/amandasdrivingacademy.com\/wp-content\/uploads\/2024\/04\/Amandas-Gold-Favicon-text-B_00244.png","contentUrl":"https:\/\/amandasdrivingacademy.com\/wp-content\/uploads\/2024\/04\/Amandas-Gold-Favicon-text-B_00244.png","width":1080,"height":1080,"caption":"Amandas Gold Favicon text"},{"@type":"BreadcrumbList","@id":"https:\/\/amandasdrivingacademy.com\/politica-de-cookies\/#breadcrumb","itemListElement":[{"@type":"ListItem","position":1,"name":"Home","item":"https:\/\/amandasdrivingacademy.com\/"},{"@type":"ListItem","position":2,"name":"Politica de Cookies"}]},{"@type":"WebSite","@id":"https:\/\/amandasdrivingacademy.com\/#website","url":"https:\/\/amandasdrivingacademy.com\/","name":"Amanda\u00b4s Driving Academy","description":"Driving Academy","publisher":{"@id":"https:\/\/amandasdrivingacademy.com\/#organization"},"potentialAction":[{"@type":"SearchAction","target":{"@type":"EntryPoint","urlTemplate":"https:\/\/amandasdrivingacademy.com\/?s={search_term_string}"},"query-input":{"@type":"PropertyValueSpecification","valueRequired":true,"valueName":"search_term_string"}}],"inLanguage":"en-US"},{"@type":"Organization","@id":"https:\/\/amandasdrivingacademy.com\/#organization","name":"Amanda\u00b4s Driving Academy","url":"https:\/\/amandasdrivingacademy.com\/","logo":{"@type":"ImageObject","inLanguage":"en-US","@id":"https:\/\/amandasdrivingacademy.com\/#\/schema\/logo\/image\/","url":"https:\/\/amandasdrivingacademy.com\/wp-content\/uploads\/2024\/02\/Gold-Logo-FX-01_00352.webp","contentUrl":"https:\/\/amandasdrivingacademy.com\/wp-content\/uploads\/2024\/02\/Gold-Logo-FX-01_00352.webp","width":1400,"height":300,"caption":"Amanda\u00b4s Driving Academy"},"image":{"@id":"https:\/\/amandasdrivingacademy.com\/#\/schema\/logo\/image\/"},"sameAs":["https:\/\/www.facebook.com\/profile.php?id=100051895602787","https:\/\/www.instagram.com\/amandat.4451\/"]}]}},"_links":{"self":[{"href":"https:\/\/amandasdrivingacademy.com\/en\/wp-json\/wp\/v2\/pages\/1132","targetHints":{"allow":["GET"]}}],"collection":[{"href":"https:\/\/amandasdrivingacademy.com\/en\/wp-json\/wp\/v2\/pages"}],"about":[{"href":"https:\/\/amandasdrivingacademy.com\/en\/wp-json\/wp\/v2\/types\/page"}],"author":[{"embeddable":true,"href":"https:\/\/amandasdrivingacademy.com\/en\/wp-json\/wp\/v2\/users\/2"}],"replies":[{"embeddable":true,"href":"https:\/\/amandasdrivingacademy.com\/en\/wp-json\/wp\/v2\/comments?post=1132"}],"version-history":[{"count":0,"href":"https:\/\/amandasdrivingacademy.com\/en\/wp-json\/wp\/v2\/pages\/1132\/revisions"}],"wp:featuredmedia":[{"embeddable":true,"href":"https:\/\/amandasdrivingacademy.com\/en\/wp-json\/wp\/v2\/media\/1390"}],"wp:attachment":[{"href":"https:\/\/amandasdrivingacademy.com\/en\/wp-json\/wp\/v2\/media?parent=1132"}],"curies":[{"name":"wp","href":"https:\/\/api.w.org\/{rel}","templated":true}]}}