{"id":1144,"date":"2024-03-31T18:32:52","date_gmt":"2024-03-31T18:32:52","guid":{"rendered":"https:\/\/amandasdrivingacademy.com\/?page_id=1144"},"modified":"2024-04-07T19:03:55","modified_gmt":"2024-04-07T19:03:55","slug":"politica-de-privacidad","status":"publish","type":"page","link":"https:\/\/amandasdrivingacademy.com\/en\/politica-de-privacidad\/","title":{"rendered":"Privacy Policy"},"content":{"rendered":"<div data-elementor-type=\"wp-page\" data-elementor-id=\"1144\" class=\"elementor elementor-1144\" data-elementor-post-type=\"page\">\n\t\t\t\t\t\t<section class=\"elementor-section elementor-top-section elementor-element elementor-element-188ac659 elementor-section-boxed elementor-section-height-default elementor-section-height-default\" data-id=\"188ac659\" data-element_type=\"section\" data-e-type=\"section\" data-settings=\"{&quot;background_background&quot;:&quot;classic&quot;}\">\n\t\t\t\t\t\t\t<div class=\"elementor-background-overlay\"><\/div>\n\t\t\t\t\t\t\t<div class=\"elementor-container elementor-column-gap-default\">\n\t\t\t\t\t<div class=\"elementor-column elementor-col-100 elementor-top-column elementor-element elementor-element-5de36a5d\" data-id=\"5de36a5d\" data-element_type=\"column\" data-e-type=\"column\">\n\t\t\t<div class=\"elementor-widget-wrap elementor-element-populated\">\n\t\t\t\t\t\t<div class=\"elementor-element elementor-element-a431ef2 elementor-widget elementor-widget-heading\" data-id=\"a431ef2\" data-element_type=\"widget\" data-e-type=\"widget\" data-widget_type=\"heading.default\">\n\t\t\t\t<div class=\"elementor-widget-container\">\n\t\t\t\t\t<h2 class=\"elementor-heading-title elementor-size-default\">PRIVACY POLICY<\/h2>\t\t\t\t<\/div>\n\t\t\t\t<\/div>\n\t\t\t\t<div class=\"elementor-element elementor-element-116cfa1 elementor-widget elementor-widget-heading\" data-id=\"116cfa1\" data-element_type=\"widget\" data-e-type=\"widget\" data-widget_type=\"heading.default\">\n\t\t\t\t<div class=\"elementor-widget-container\">\n\t\t\t\t\t<h2 class=\"elementor-heading-title elementor-size-default\">Effective Date: April 7, 2024<\/h2>\t\t\t\t<\/div>\n\t\t\t\t<\/div>\n\t\t\t\t<div class=\"elementor-element elementor-element-6cd5d971 elementor-icon-list--layout-inline elementor-align-center elementor-list-item-link-full_width elementor-widget elementor-widget-icon-list\" data-id=\"6cd5d971\" data-element_type=\"widget\" data-e-type=\"widget\" data-widget_type=\"icon-list.default\">\n\t\t\t\t<div class=\"elementor-widget-container\">\n\t\t\t\t\t\t\t<ul class=\"elementor-icon-list-items elementor-inline-items\">\n\t\t\t\t\t\t\t<li class=\"elementor-icon-list-item elementor-inline-item\">\n\t\t\t\t\t\t\t\t\t\t<span class=\"elementor-icon-list-text\">Home<\/span>\n\t\t\t\t\t\t\t\t\t<\/li>\n\t\t\t\t\t\t\t\t<li class=\"elementor-icon-list-item elementor-inline-item\">\n\t\t\t\t\t\t\t\t\t\t\t<span class=\"elementor-icon-list-icon\">\n\t\t\t\t\t\t\t<svg aria-hidden=\"true\" class=\"e-font-icon-svg e-fas-chevron-right\" viewbox=\"0 0 320 512\" xmlns=\"http:\/\/www.w3.org\/2000\/svg\"><path d=\"M285.476 272.971L91.132 467.314c-9.373 9.373-24.569 9.373-33.941 0l-22.667-22.667c-9.357-9.357-9.375-24.522-.04-33.901L188.505 256 34.484 101.255c-9.335-9.379-9.317-24.544.04-33.901l22.667-22.667c9.373-9.373 24.569-9.373 33.941 0L285.475 239.03c9.373 9.372 9.373 24.568.001 33.941z\"><\/path><\/svg>\t\t\t\t\t\t<\/span>\n\t\t\t\t\t\t\t\t\t\t<span class=\"elementor-icon-list-text\">Contact<\/span>\n\t\t\t\t\t\t\t\t\t<\/li>\n\t\t\t\t\t\t<\/ul>\n\t\t\t\t\t\t<\/div>\n\t\t\t\t<\/div>\n\t\t\t\t\t<\/div>\n\t\t<\/div>\n\t\t\t\t\t<\/div>\n\t\t<\/section>\n\t\t\t\t<section class=\"elementor-section elementor-top-section elementor-element elementor-element-8035468 elementor-section-full_width elementor-section-height-default elementor-section-height-default\" data-id=\"8035468\" data-element_type=\"section\" data-e-type=\"section\">\n\t\t\t\t\t\t<div class=\"elementor-container elementor-column-gap-default\">\n\t\t\t\t\t<div class=\"elementor-column elementor-col-50 elementor-top-column elementor-element elementor-element-7b5ab3e\" data-id=\"7b5ab3e\" data-element_type=\"column\" data-e-type=\"column\">\n\t\t\t<div class=\"elementor-widget-wrap elementor-element-populated\">\n\t\t\t\t\t\t<div class=\"elementor-element elementor-element-170f5d2 elementor-widget elementor-widget-heading\" data-id=\"170f5d2\" data-element_type=\"widget\" data-e-type=\"widget\" data-widget_type=\"heading.default\">\n\t\t\t\t<div class=\"elementor-widget-container\">\n\t\t\t\t\t<h2 class=\"elementor-heading-title elementor-size-default\">1. Information we collect<\/h2>\t\t\t\t<\/div>\n\t\t\t\t<\/div>\n\t\t\t\t<div class=\"elementor-element elementor-element-9b792be animated-slow elementor-invisible elementor-widget elementor-widget-text-editor\" data-id=\"9b792be\" data-element_type=\"widget\" data-e-type=\"widget\" data-settings=\"{&quot;_animation&quot;:&quot;fadeInRight&quot;}\" data-widget_type=\"text-editor.default\">\n\t\t\t\t<div class=\"elementor-widget-container\">\n\t\t\t\t\t\t\t\t\t<p data-sourcepos=\"9:1-9:158\">This website does not collect any personal information about you. We only collect non-personal information, such as your IP address, the type of browser you use, and the pages you visit on our website.<\/p>\t\t\t\t\t\t\t\t<\/div>\n\t\t\t\t<\/div>\n\t\t\t\t\t<\/div>\n\t\t<\/div>\n\t\t\t\t<div class=\"elementor-column elementor-col-50 elementor-top-column elementor-element elementor-element-0007871\" data-id=\"0007871\" data-element_type=\"column\" data-e-type=\"column\">\n\t\t\t<div class=\"elementor-widget-wrap elementor-element-populated\">\n\t\t\t\t\t\t<div class=\"elementor-element elementor-element-16b8c71 elementor-widget elementor-widget-heading\" data-id=\"16b8c71\" data-element_type=\"widget\" data-e-type=\"widget\" data-widget_type=\"heading.default\">\n\t\t\t\t<div class=\"elementor-widget-container\">\n\t\t\t\t\t<h2 class=\"elementor-heading-title elementor-size-default\">2. How we use your information<\/h2>\t\t\t\t<\/div>\n\t\t\t\t<\/div>\n\t\t\t\t<div class=\"elementor-element elementor-element-2d22d47 animated-slow elementor-invisible elementor-widget elementor-widget-text-editor\" data-id=\"2d22d47\" data-element_type=\"widget\" data-e-type=\"widget\" data-settings=\"{&quot;_animation&quot;:&quot;fadeInRight&quot;}\" data-widget_type=\"text-editor.default\">\n\t\t\t\t<div class=\"elementor-widget-container\">\n\t\t\t\t\t\t\t\t\t<p data-sourcepos=\"15:1-15:43\">We use your non-personal information to:<\/p><ul data-sourcepos=\"17:1-20:0\"><li data-sourcepos=\"17:1-17:27\">Improve our website<\/li><li data-sourcepos=\"18:1-18:35\">Analyze website traffic<\/li><li data-sourcepos=\"19:1-20:0\">Personalize your experience on our website<\/li><\/ul>\t\t\t\t\t\t\t\t<\/div>\n\t\t\t\t<\/div>\n\t\t\t\t\t<\/div>\n\t\t<\/div>\n\t\t\t\t\t<\/div>\n\t\t<\/section>\n\t\t\t\t<section class=\"elementor-section elementor-top-section elementor-element elementor-element-b848421 elementor-section-full_width elementor-section-height-default elementor-section-height-default\" data-id=\"b848421\" data-element_type=\"section\" data-e-type=\"section\">\n\t\t\t\t\t\t<div class=\"elementor-container elementor-column-gap-default\">\n\t\t\t\t\t<div class=\"elementor-column elementor-col-50 elementor-top-column elementor-element elementor-element-b77334c\" data-id=\"b77334c\" data-element_type=\"column\" data-e-type=\"column\">\n\t\t\t<div class=\"elementor-widget-wrap elementor-element-populated\">\n\t\t\t\t\t\t<div class=\"elementor-element elementor-element-426f729 elementor-widget elementor-widget-heading\" data-id=\"426f729\" data-element_type=\"widget\" data-e-type=\"widget\" data-widget_type=\"heading.default\">\n\t\t\t\t<div class=\"elementor-widget-container\">\n\t\t\t\t\t<h2 class=\"elementor-heading-title elementor-size-default\">3. How we share your information<\/h2>\t\t\t\t<\/div>\n\t\t\t\t<\/div>\n\t\t\t\t<div class=\"elementor-element elementor-element-b9368c9 animated-slow elementor-invisible elementor-widget elementor-widget-text-editor\" data-id=\"b9368c9\" data-element_type=\"widget\" data-e-type=\"widget\" data-settings=\"{&quot;_animation&quot;:&quot;fadeInRight&quot;}\" data-widget_type=\"text-editor.default\">\n\t\t\t\t<div class=\"elementor-widget-container\">\n\t\t\t\t\t\t\t\t\t<p data-sourcepos=\"21:1-21:40\">We do not share your personal or non-personal information with third parties.<\/p>\t\t\t\t\t\t\t\t<\/div>\n\t\t\t\t<\/div>\n\t\t\t\t\t<\/div>\n\t\t<\/div>\n\t\t\t\t<div class=\"elementor-column elementor-col-50 elementor-top-column elementor-element elementor-element-2b6c81a\" data-id=\"2b6c81a\" data-element_type=\"column\" data-e-type=\"column\">\n\t\t\t<div class=\"elementor-widget-wrap elementor-element-populated\">\n\t\t\t\t\t\t<div class=\"elementor-element elementor-element-433161a elementor-widget elementor-widget-heading\" data-id=\"433161a\" data-element_type=\"widget\" data-e-type=\"widget\" data-widget_type=\"heading.default\">\n\t\t\t\t<div class=\"elementor-widget-container\">\n\t\t\t\t\t<h2 class=\"elementor-heading-title elementor-size-default\">4. Security of your information<\/h2>\t\t\t\t<\/div>\n\t\t\t\t<\/div>\n\t\t\t\t<div class=\"elementor-element elementor-element-31f910b animated-slow elementor-invisible elementor-widget elementor-widget-text-editor\" data-id=\"31f910b\" data-element_type=\"widget\" data-e-type=\"widget\" data-settings=\"{&quot;_animation&quot;:&quot;fadeInRight&quot;}\" data-widget_type=\"text-editor.default\">\n\t\t\t\t<div class=\"elementor-widget-container\">\n\t\t\t\t\t\t\t\t\t<p data-sourcepos=\"21:1-21:40\">We take reasonable measures to protect your non-personal information from unauthorized access, use, or disclosure. However, no security measures are perfect, and we cannot guarantee the absolute security of your information.<\/p>\t\t\t\t\t\t\t\t<\/div>\n\t\t\t\t<\/div>\n\t\t\t\t\t<\/div>\n\t\t<\/div>\n\t\t\t\t\t<\/div>\n\t\t<\/section>\n\t\t\t\t<section class=\"elementor-section elementor-top-section elementor-element elementor-element-d4ddc02 elementor-section-full_width elementor-section-height-default elementor-section-height-default\" data-id=\"d4ddc02\" data-element_type=\"section\" data-e-type=\"section\">\n\t\t\t\t\t\t<div class=\"elementor-container elementor-column-gap-default\">\n\t\t\t\t\t<div class=\"elementor-column elementor-col-50 elementor-top-column elementor-element elementor-element-dd74cad\" data-id=\"dd74cad\" data-element_type=\"column\" data-e-type=\"column\">\n\t\t\t<div class=\"elementor-widget-wrap elementor-element-populated\">\n\t\t\t\t\t\t<div class=\"elementor-element elementor-element-e8e349c elementor-widget elementor-widget-heading\" data-id=\"e8e349c\" data-element_type=\"widget\" data-e-type=\"widget\" data-widget_type=\"heading.default\">\n\t\t\t\t<div class=\"elementor-widget-container\">\n\t\t\t\t\t<h2 class=\"elementor-heading-title elementor-size-default\">5. Links to other websites<\/h2>\t\t\t\t<\/div>\n\t\t\t\t<\/div>\n\t\t\t\t<div class=\"elementor-element elementor-element-b07dc30 animated-slow elementor-invisible elementor-widget elementor-widget-text-editor\" data-id=\"b07dc30\" data-element_type=\"widget\" data-e-type=\"widget\" data-settings=\"{&quot;_animation&quot;:&quot;fadeInRight&quot;}\" data-widget_type=\"text-editor.default\">\n\t\t\t\t<div class=\"elementor-widget-container\">\n\t\t\t\t\t\t\t\t\t<p data-sourcepos=\"21:1-21:40\"><span class=\"citation-0 citation-end-0\">This website contains links to other websites. We are not responsible for the privacy practices of<\/span> those websites. We encourage you to read the privacy policies of every website you visit.<\/p>\t\t\t\t\t\t\t\t<\/div>\n\t\t\t\t<\/div>\n\t\t\t\t\t<\/div>\n\t\t<\/div>\n\t\t\t\t<div class=\"elementor-column elementor-col-50 elementor-top-column elementor-element elementor-element-e2d7697\" data-id=\"e2d7697\" data-element_type=\"column\" data-e-type=\"column\">\n\t\t\t<div class=\"elementor-widget-wrap elementor-element-populated\">\n\t\t\t\t\t\t<div class=\"elementor-element elementor-element-806fbfa elementor-widget elementor-widget-heading\" data-id=\"806fbfa\" data-element_type=\"widget\" data-e-type=\"widget\" data-widget_type=\"heading.default\">\n\t\t\t\t<div class=\"elementor-widget-container\">\n\t\t\t\t\t<h2 class=\"elementor-heading-title elementor-size-default\">6. Changes to this policy<\/h2>\t\t\t\t<\/div>\n\t\t\t\t<\/div>\n\t\t\t\t<div class=\"elementor-element elementor-element-54b0086 animated-slow elementor-invisible elementor-widget elementor-widget-text-editor\" data-id=\"54b0086\" data-element_type=\"widget\" data-e-type=\"widget\" data-settings=\"{&quot;_animation&quot;:&quot;fadeInRight&quot;}\" data-widget_type=\"text-editor.default\">\n\t\t\t\t<div class=\"elementor-widget-container\">\n\t\t\t\t\t\t\t\t\t<p data-sourcepos=\"21:1-21:40\">We may modify this Privacy Policy at any time. The most recent version of the Privacy Policy will be available on this website. By continuing to use the website after changes to the Privacy Policy are posted, you accept those changes.<\/p>\t\t\t\t\t\t\t\t<\/div>\n\t\t\t\t<\/div>\n\t\t\t\t\t<\/div>\n\t\t<\/div>\n\t\t\t\t\t<\/div>\n\t\t<\/section>\n\t\t\t\t<section class=\"elementor-section elementor-top-section elementor-element elementor-element-37c6c2a elementor-section-full_width elementor-section-height-default elementor-section-height-default\" data-id=\"37c6c2a\" data-element_type=\"section\" data-e-type=\"section\">\n\t\t\t\t\t\t<div class=\"elementor-container elementor-column-gap-default\">\n\t\t\t\t\t<div class=\"elementor-column elementor-col-100 elementor-top-column elementor-element elementor-element-0f88ad5\" data-id=\"0f88ad5\" data-element_type=\"column\" data-e-type=\"column\">\n\t\t\t<div class=\"elementor-widget-wrap elementor-element-populated\">\n\t\t\t\t\t\t<div class=\"elementor-element elementor-element-88b9276 elementor-widget elementor-widget-heading\" data-id=\"88b9276\" data-element_type=\"widget\" data-e-type=\"widget\" data-widget_type=\"heading.default\">\n\t\t\t\t<div class=\"elementor-widget-container\">\n\t\t\t\t\t<h2 class=\"elementor-heading-title elementor-size-default\">7. Your options<\/h2>\t\t\t\t<\/div>\n\t\t\t\t<\/div>\n\t\t\t\t<div class=\"elementor-element elementor-element-a0d1e24 animated-slow elementor-invisible elementor-widget elementor-widget-text-editor\" data-id=\"a0d1e24\" data-element_type=\"widget\" data-e-type=\"widget\" data-settings=\"{&quot;_animation&quot;:&quot;fadeInRight&quot;}\" data-widget_type=\"text-editor.default\">\n\t\t\t\t<div class=\"elementor-widget-container\">\n\t\t\t\t\t\t\t\t\t<p data-sourcepos=\"21:1-21:40\">If you have any questions about this Privacy Policy, please contact us.<\/p>\t\t\t\t\t\t\t\t<\/div>\n\t\t\t\t<\/div>\n\t\t\t\t\t<\/div>\n\t\t<\/div>\n\t\t\t\t\t<\/div>\n\t\t<\/section>\n\t\t\t\t<\/div>","protected":false},"excerpt":{"rendered":"<p>Privacy Policy<\/p>\n<p>Amanda&#8217;s Driving Academy se compromete a proteger la privacidad de sus usuarios. Esta pol\u00edtica de privacidad explica qu\u00e9 informaci\u00f3n recopilamos, c\u00f3mo la utilizamos y con qui\u00e9n la compartimos. Tambi\u00e9n explica c\u00f3mo puede acceder a su informaci\u00f3n y controlar su uso.<\/p>","protected":false},"author":2,"featured_media":1390,"parent":0,"menu_order":0,"comment_status":"closed","ping_status":"closed","template":"elementor_header_footer","meta":{"_joinchat":[],"footnotes":""},"class_list":["post-1144","page","type-page","status-publish","has-post-thumbnail","hentry"],"yoast_head":"<!-- This site is optimized with the Yoast SEO plugin v27.5 - https:\/\/yoast.com\/product\/yoast-seo-wordpress\/ -->\n<title>Pol\u00edtica de Privacidad - Amanda&acute;s Driving Academy<\/title>\n<meta name=\"description\" content=\"En Amanda&#039;s Driving Academy nos comprometemos con la privacidad de nuestros usuarios. En esta pol\u00edtica explicamos c\u00f3mo recopilamos, utilizamos y protegemos su informaci\u00f3n personal.\" \/>\n<meta name=\"robots\" content=\"index, follow, max-snippet:-1, max-image-preview:large, max-video-preview:-1\" \/>\n<link rel=\"canonical\" href=\"https:\/\/amandasdrivingacademy.com\/en\/politica-de-privacidad\/\" \/>\n<meta property=\"og:locale\" content=\"en_US\" \/>\n<meta property=\"og:type\" content=\"article\" \/>\n<meta property=\"og:title\" content=\"Pol\u00edtica de Privacidad - Amanda&acute;s Driving Academy\" \/>\n<meta property=\"og:description\" content=\"En Amanda&#039;s Driving Academy nos comprometemos con la privacidad de nuestros usuarios. En esta pol\u00edtica explicamos c\u00f3mo recopilamos, utilizamos y protegemos su informaci\u00f3n personal.\" \/>\n<meta property=\"og:url\" content=\"https:\/\/amandasdrivingacademy.com\/en\/politica-de-privacidad\/\" \/>\n<meta property=\"og:site_name\" content=\"Amanda&acute;s Driving Academy\" \/>\n<meta property=\"article:publisher\" content=\"https:\/\/www.facebook.com\/profile.php?id=100051895602787\" \/>\n<meta property=\"article:modified_time\" content=\"2024-04-07T19:03:55+00:00\" \/>\n<meta property=\"og:image\" content=\"https:\/\/amandasdrivingacademy.com\/wp-content\/uploads\/2024\/04\/Amandas-Gold-Favicon-text-B_00244.png\" \/>\n\t<meta property=\"og:image:width\" content=\"1080\" \/>\n\t<meta property=\"og:image:height\" content=\"1080\" \/>\n\t<meta property=\"og:image:type\" content=\"image\/png\" \/>\n<meta name=\"twitter:card\" content=\"summary_large_image\" \/>\n<meta name=\"twitter:label1\" content=\"Est. reading time\" \/>\n\t<meta name=\"twitter:data1\" content=\"2 minutes\" \/>\n<script type=\"application\/ld+json\" class=\"yoast-schema-graph\">{\"@context\":\"https:\\\/\\\/schema.org\",\"@graph\":[{\"@type\":\"WebPage\",\"@id\":\"https:\\\/\\\/amandasdrivingacademy.com\\\/politica-de-privacidad\\\/\",\"url\":\"https:\\\/\\\/amandasdrivingacademy.com\\\/politica-de-privacidad\\\/\",\"name\":\"Pol\u00edtica de Privacidad - Amanda&acute;s Driving Academy\",\"isPartOf\":{\"@id\":\"https:\\\/\\\/amandasdrivingacademy.com\\\/#website\"},\"primaryImageOfPage\":{\"@id\":\"https:\\\/\\\/amandasdrivingacademy.com\\\/politica-de-privacidad\\\/#primaryimage\"},\"image\":{\"@id\":\"https:\\\/\\\/amandasdrivingacademy.com\\\/politica-de-privacidad\\\/#primaryimage\"},\"thumbnailUrl\":\"https:\\\/\\\/amandasdrivingacademy.com\\\/wp-content\\\/uploads\\\/2024\\\/04\\\/Amandas-Gold-Favicon-text-B_00244.png\",\"datePublished\":\"2024-03-31T18:32:52+00:00\",\"dateModified\":\"2024-04-07T19:03:55+00:00\",\"description\":\"En Amanda's Driving Academy nos comprometemos con la privacidad de nuestros usuarios. En esta pol\u00edtica explicamos c\u00f3mo recopilamos, utilizamos y protegemos su informaci\u00f3n personal.\",\"breadcrumb\":{\"@id\":\"https:\\\/\\\/amandasdrivingacademy.com\\\/politica-de-privacidad\\\/#breadcrumb\"},\"inLanguage\":\"en-US\",\"potentialAction\":[{\"@type\":\"ReadAction\",\"target\":[\"https:\\\/\\\/amandasdrivingacademy.com\\\/politica-de-privacidad\\\/\"]}]},{\"@type\":\"ImageObject\",\"inLanguage\":\"en-US\",\"@id\":\"https:\\\/\\\/amandasdrivingacademy.com\\\/politica-de-privacidad\\\/#primaryimage\",\"url\":\"https:\\\/\\\/amandasdrivingacademy.com\\\/wp-content\\\/uploads\\\/2024\\\/04\\\/Amandas-Gold-Favicon-text-B_00244.png\",\"contentUrl\":\"https:\\\/\\\/amandasdrivingacademy.com\\\/wp-content\\\/uploads\\\/2024\\\/04\\\/Amandas-Gold-Favicon-text-B_00244.png\",\"width\":1080,\"height\":1080,\"caption\":\"Amandas Gold Favicon text\"},{\"@type\":\"BreadcrumbList\",\"@id\":\"https:\\\/\\\/amandasdrivingacademy.com\\\/politica-de-privacidad\\\/#breadcrumb\",\"itemListElement\":[{\"@type\":\"ListItem\",\"position\":1,\"name\":\"Home\",\"item\":\"https:\\\/\\\/amandasdrivingacademy.com\\\/\"},{\"@type\":\"ListItem\",\"position\":2,\"name\":\"Pol\u00edtica de Privacidad\"}]},{\"@type\":\"WebSite\",\"@id\":\"https:\\\/\\\/amandasdrivingacademy.com\\\/#website\",\"url\":\"https:\\\/\\\/amandasdrivingacademy.com\\\/\",\"name\":\"Amanda\u00b4s Driving Academy\",\"description\":\"Driving Academy\",\"publisher\":{\"@id\":\"https:\\\/\\\/amandasdrivingacademy.com\\\/#organization\"},\"potentialAction\":[{\"@type\":\"SearchAction\",\"target\":{\"@type\":\"EntryPoint\",\"urlTemplate\":\"https:\\\/\\\/amandasdrivingacademy.com\\\/?s={search_term_string}\"},\"query-input\":{\"@type\":\"PropertyValueSpecification\",\"valueRequired\":true,\"valueName\":\"search_term_string\"}}],\"inLanguage\":\"en-US\"},{\"@type\":\"Organization\",\"@id\":\"https:\\\/\\\/amandasdrivingacademy.com\\\/#organization\",\"name\":\"Amanda\u00b4s Driving Academy\",\"url\":\"https:\\\/\\\/amandasdrivingacademy.com\\\/\",\"logo\":{\"@type\":\"ImageObject\",\"inLanguage\":\"en-US\",\"@id\":\"https:\\\/\\\/amandasdrivingacademy.com\\\/#\\\/schema\\\/logo\\\/image\\\/\",\"url\":\"https:\\\/\\\/amandasdrivingacademy.com\\\/wp-content\\\/uploads\\\/2024\\\/02\\\/Gold-Logo-FX-01_00352.webp\",\"contentUrl\":\"https:\\\/\\\/amandasdrivingacademy.com\\\/wp-content\\\/uploads\\\/2024\\\/02\\\/Gold-Logo-FX-01_00352.webp\",\"width\":1400,\"height\":300,\"caption\":\"Amanda\u00b4s Driving Academy\"},\"image\":{\"@id\":\"https:\\\/\\\/amandasdrivingacademy.com\\\/#\\\/schema\\\/logo\\\/image\\\/\"},\"sameAs\":[\"https:\\\/\\\/www.facebook.com\\\/profile.php?id=100051895602787\",\"https:\\\/\\\/www.instagram.com\\\/amandat.4451\\\/\"]}]}<\/script>\n<!-- \/ Yoast SEO plugin. -->","yoast_head_json":{"title":"Pol\u00edtica de Privacidad - Amanda&acute;s Driving Academy","description":"En Amanda's Driving Academy nos comprometemos con la privacidad de nuestros usuarios. En esta pol\u00edtica explicamos c\u00f3mo recopilamos, utilizamos y protegemos su informaci\u00f3n personal.","robots":{"index":"index","follow":"follow","max-snippet":"max-snippet:-1","max-image-preview":"max-image-preview:large","max-video-preview":"max-video-preview:-1"},"canonical":"https:\/\/amandasdrivingacademy.com\/en\/politica-de-privacidad\/","og_locale":"en_US","og_type":"article","og_title":"Pol\u00edtica de Privacidad - Amanda&acute;s Driving Academy","og_description":"En Amanda's Driving Academy nos comprometemos con la privacidad de nuestros usuarios. En esta pol\u00edtica explicamos c\u00f3mo recopilamos, utilizamos y protegemos su informaci\u00f3n personal.","og_url":"https:\/\/amandasdrivingacademy.com\/en\/politica-de-privacidad\/","og_site_name":"Amanda&acute;s Driving Academy","article_publisher":"https:\/\/www.facebook.com\/profile.php?id=100051895602787","article_modified_time":"2024-04-07T19:03:55+00:00","og_image":[{"width":1080,"height":1080,"url":"https:\/\/amandasdrivingacademy.com\/wp-content\/uploads\/2024\/04\/Amandas-Gold-Favicon-text-B_00244.png","type":"image\/png"}],"twitter_card":"summary_large_image","twitter_misc":{"Est. reading time":"2 minutes"},"schema":{"@context":"https:\/\/schema.org","@graph":[{"@type":"WebPage","@id":"https:\/\/amandasdrivingacademy.com\/politica-de-privacidad\/","url":"https:\/\/amandasdrivingacademy.com\/politica-de-privacidad\/","name":"Pol\u00edtica de Privacidad - Amanda&acute;s Driving Academy","isPartOf":{"@id":"https:\/\/amandasdrivingacademy.com\/#website"},"primaryImageOfPage":{"@id":"https:\/\/amandasdrivingacademy.com\/politica-de-privacidad\/#primaryimage"},"image":{"@id":"https:\/\/amandasdrivingacademy.com\/politica-de-privacidad\/#primaryimage"},"thumbnailUrl":"https:\/\/amandasdrivingacademy.com\/wp-content\/uploads\/2024\/04\/Amandas-Gold-Favicon-text-B_00244.png","datePublished":"2024-03-31T18:32:52+00:00","dateModified":"2024-04-07T19:03:55+00:00","description":"En Amanda's Driving Academy nos comprometemos con la privacidad de nuestros usuarios. En esta pol\u00edtica explicamos c\u00f3mo recopilamos, utilizamos y protegemos su informaci\u00f3n personal.","breadcrumb":{"@id":"https:\/\/amandasdrivingacademy.com\/politica-de-privacidad\/#breadcrumb"},"inLanguage":"en-US","potentialAction":[{"@type":"ReadAction","target":["https:\/\/amandasdrivingacademy.com\/politica-de-privacidad\/"]}]},{"@type":"ImageObject","inLanguage":"en-US","@id":"https:\/\/amandasdrivingacademy.com\/politica-de-privacidad\/#primaryimage","url":"https:\/\/amandasdrivingacademy.com\/wp-content\/uploads\/2024\/04\/Amandas-Gold-Favicon-text-B_00244.png","contentUrl":"https:\/\/amandasdrivingacademy.com\/wp-content\/uploads\/2024\/04\/Amandas-Gold-Favicon-text-B_00244.png","width":1080,"height":1080,"caption":"Amandas Gold Favicon text"},{"@type":"BreadcrumbList","@id":"https:\/\/amandasdrivingacademy.com\/politica-de-privacidad\/#breadcrumb","itemListElement":[{"@type":"ListItem","position":1,"name":"Home","item":"https:\/\/amandasdrivingacademy.com\/"},{"@type":"ListItem","position":2,"name":"Pol\u00edtica de Privacidad"}]},{"@type":"WebSite","@id":"https:\/\/amandasdrivingacademy.com\/#website","url":"https:\/\/amandasdrivingacademy.com\/","name":"Amanda\u00b4s Driving Academy","description":"Driving Academy","publisher":{"@id":"https:\/\/amandasdrivingacademy.com\/#organization"},"potentialAction":[{"@type":"SearchAction","target":{"@type":"EntryPoint","urlTemplate":"https:\/\/amandasdrivingacademy.com\/?s={search_term_string}"},"query-input":{"@type":"PropertyValueSpecification","valueRequired":true,"valueName":"search_term_string"}}],"inLanguage":"en-US"},{"@type":"Organization","@id":"https:\/\/amandasdrivingacademy.com\/#organization","name":"Amanda\u00b4s Driving Academy","url":"https:\/\/amandasdrivingacademy.com\/","logo":{"@type":"ImageObject","inLanguage":"en-US","@id":"https:\/\/amandasdrivingacademy.com\/#\/schema\/logo\/image\/","url":"https:\/\/amandasdrivingacademy.com\/wp-content\/uploads\/2024\/02\/Gold-Logo-FX-01_00352.webp","contentUrl":"https:\/\/amandasdrivingacademy.com\/wp-content\/uploads\/2024\/02\/Gold-Logo-FX-01_00352.webp","width":1400,"height":300,"caption":"Amanda\u00b4s Driving Academy"},"image":{"@id":"https:\/\/amandasdrivingacademy.com\/#\/schema\/logo\/image\/"},"sameAs":["https:\/\/www.facebook.com\/profile.php?id=100051895602787","https:\/\/www.instagram.com\/amandat.4451\/"]}]}},"_links":{"self":[{"href":"https:\/\/amandasdrivingacademy.com\/en\/wp-json\/wp\/v2\/pages\/1144","targetHints":{"allow":["GET"]}}],"collection":[{"href":"https:\/\/amandasdrivingacademy.com\/en\/wp-json\/wp\/v2\/pages"}],"about":[{"href":"https:\/\/amandasdrivingacademy.com\/en\/wp-json\/wp\/v2\/types\/page"}],"author":[{"embeddable":true,"href":"https:\/\/amandasdrivingacademy.com\/en\/wp-json\/wp\/v2\/users\/2"}],"replies":[{"embeddable":true,"href":"https:\/\/amandasdrivingacademy.com\/en\/wp-json\/wp\/v2\/comments?post=1144"}],"version-history":[{"count":0,"href":"https:\/\/amandasdrivingacademy.com\/en\/wp-json\/wp\/v2\/pages\/1144\/revisions"}],"wp:featuredmedia":[{"embeddable":true,"href":"https:\/\/amandasdrivingacademy.com\/en\/wp-json\/wp\/v2\/media\/1390"}],"wp:attachment":[{"href":"https:\/\/amandasdrivingacademy.com\/en\/wp-json\/wp\/v2\/media?parent=1144"}],"curies":[{"name":"wp","href":"https:\/\/api.w.org\/{rel}","templated":true}]}}